{"id":3320,"date":"2018-04-12T11:06:42","date_gmt":"2018-04-12T09:06:42","guid":{"rendered":"https:\/\/orleans.aeroport.fr\/?page_id=3320"},"modified":"2018-04-19T10:12:13","modified_gmt":"2018-04-19T08:12:13","slug":"the-international-aiport","status":"publish","type":"page","link":"https:\/\/orleans.aeroport.fr\/en\/the-international-aiport\/","title":{"rendered":"The international aiport"},"content":{"rendered":"<p><img decoding=\"async\" src=\"https:\/\/orleans.aeroport.fr\/wp-content\/uploads\/2018\/03\/IMG_20171125_162430-2.jpg\" alt=\"\" class=\"size-full wp-image-2335\" \/><\/p>\n<p style=\"text-align: justify;\">The airport enjoys an <strong>ideal geographic location to the south of Paris, with none of the drawbacks<\/strong>. The presence of <strong>customs officers<\/strong> and the <strong>size of the runway of 1600m x 30m<\/strong> makes direct international flights possible.<br \/>\nRegular and substantial investments have been made for a long time to make the site sustainable, and today offer <strong>very efficient and diverse infrastructures that are well looked after<\/strong>.<br \/>\nA major feature of the airport, the combination of two runways makes a variety of activities possible: a bitumen runway can cater for aircraft arriving from long distances and a grass airstrip for gliders, ULMs\u2026<br \/>\nThis is all in a very friendly environment offering tailor made services and special attention is paid to the well-being of each client.<\/p>\n<h3>MODERN SERVICES FOR USERS<\/h3>\n<p><div id=\"metaslider-id-2510\" style=\"max-width: 847px;\" class=\"ml-slider-3-60-1 metaslider metaslider-flex metaslider-2510 ml-slider ms-theme-default\" role=\"region\" aria-roledescription=\"Slideshow\" aria-label=\"A\u00e9roport International\">\n    <div id=\"metaslider_container_2510\">\n        <div id=\"metaslider_2510\">\n            <ul aria-live=\"polite\" class=\"slides\">\n                <li style=\"display: block; width: 100%;\" class=\"slide-2644 ms-image\" aria-roledescription=\"slide\" aria-label=\"slide-2644\"><img src=\"https:\/\/orleans.aeroport.fr\/wp-content\/uploads\/2017\/12\/Briare_A\u00e9roport_ARue_ADRT45-3937-847x300.jpg\" height=\"300\" width=\"847\" alt=\"\" class=\"slider-2510 slide-2644\" \/><div class=\"caption-wrap\"><div class=\"caption\">A\u00e9roport Orl\u00e9ans Loire Valley, tour de contr\u00f4le<\/div><\/div><\/li>\n                <li style=\"display: none; width: 100%;\" class=\"slide-2642 ms-image\" aria-roledescription=\"slide\" aria-label=\"slide-2642\"><img src=\"https:\/\/orleans.aeroport.fr\/wp-content\/uploads\/2017\/12\/Briare_A\u00e9roport_ARue_ADRT45-4382-847x300.jpg\" height=\"300\" width=\"847\" alt=\"\" class=\"slider-2510 slide-2642\" \/><div class=\"caption-wrap\"><div class=\"caption\">Comptoirs enregistrement<\/div><\/div><\/li>\n                <li style=\"display: none; width: 100%;\" class=\"slide-2641 ms-image\" aria-roledescription=\"slide\" aria-label=\"slide-2641\"><img src=\"https:\/\/orleans.aeroport.fr\/wp-content\/uploads\/2017\/12\/Briare_A\u00e9roport_ARue_ADRT45-4390-847x300.jpg\" height=\"300\" width=\"847\" alt=\"\" class=\"slider-2510 slide-2641\" \/><div class=\"caption-wrap\"><div class=\"caption\">A\u00e9roport Orl\u00e9ans Loire Valley, un a\u00e9roport international<\/div><\/div><\/li>\n                <li style=\"display: none; width: 100%;\" class=\"slide-3521 ms-image\" aria-roledescription=\"slide\" aria-label=\"slide-3521\"><img src=\"https:\/\/orleans.aeroport.fr\/wp-content\/uploads\/2018\/03\/DSC_1777-847x300.jpg\" height=\"300\" width=\"847\" alt=\"\" class=\"slider-2510 slide-3521\" title=\"DSC 1777\" \/><div class=\"caption-wrap\"><div class=\"caption\">Mat\u00e9riels a\u00e9roportuaires<\/div><\/div><\/li>\n                <li style=\"display: none; width: 100%;\" class=\"slide-3522 ms-image\" aria-roledescription=\"slide\" aria-label=\"slide-3522\"><img src=\"https:\/\/orleans.aeroport.fr\/wp-content\/uploads\/2018\/03\/pm-aeroport-088-847x300.jpg\" height=\"300\" width=\"847\" alt=\"\" class=\"slider-2510 slide-3522\" title=\"Pm Aeroport 088\" \/><div class=\"caption-wrap\"><div class=\"caption\">Mat\u00e9riels a\u00e9roportuaires<\/div><\/div><\/li>\n                <li style=\"display: none; width: 100%;\" class=\"slide-3523 ms-image\" aria-roledescription=\"slide\" aria-label=\"slide-3523\"><img src=\"https:\/\/orleans.aeroport.fr\/wp-content\/uploads\/2018\/03\/pm-aeroport-169-847x300.jpg\" height=\"300\" width=\"847\" alt=\"\" class=\"slider-2510 slide-3523\" title=\"AEROPORT DE SAINT DENIS DE L&#039;HOTEL SAINT DENIS DE L&#039;HOTEL LE 12 AOUT 2008 \u00a9PHILIPPE MONTIGNY\/FILIMAGES\" \/><div class=\"caption-wrap\"><div class=\"caption\">S\u00e9curit\u00e9 a\u00e9roportuaire<\/div><\/div><\/li>\n                <li style=\"display: none; width: 100%;\" class=\"slide-3524 ms-image\" aria-roledescription=\"slide\" aria-label=\"slide-3524\"><img src=\"https:\/\/orleans.aeroport.fr\/wp-content\/uploads\/2018\/03\/pompiers-847x300.png\" height=\"300\" width=\"847\" alt=\"\" class=\"slider-2510 slide-3524\" \/><div class=\"caption-wrap\"><div class=\"caption\">S\u00e9curit\u00e9 a\u00e9roportuaire<\/div><\/div><\/li>\n            <\/ul>\n        <\/div>\n        \n    <\/div>\n<\/div><\/p>\n<div class=\"row\">\n<div class=\"col-md-6\">\n<a class=\"btn-blue\" data-toggle=\"modal\" data-target=\"#myModalPiste\" style=\"cursor: pointer;\">Webcams<\/a>\n<\/div>\n<div class=\"col-md-6\">\n<a href=\"\/wp-content\/uploads\/2018\/03\/plaquette-salles-de-r\u00e9union.pdf\" target=\"_blank\" class=\"btn-blue\" style=\"cursor: pointer;\">Conference rooms to hire<\/a>\n<\/div>\n<\/div>\n<p><!-- Modal --><\/p>\n<div class=\"modal fade\" id=\"myModalPiste\" role=\"dialog\">\n<div class=\"modal-dialog modalDialogCustom\">\n<p><!-- Modal content--><\/p>\n<div class=\"modal-content\">\n<div class=\"modal-header\">\n<p><button type=\"button\" class=\"close\" data-dismiss=\"modal\">\u00d7<\/button><\/p>\n<h4 class=\"modal-title\">Cam\u00e9ra en direct des pistes<\/h4>\n<\/div>\n<div class=\"modal-body\">\n<p>\u00c0 venir les cam\u00e9ras avec affichage en direct des pistes de l\u2019a\u00e9roport !<\/p>\n<\/div>\n<\/div>\n<\/div>\n<\/div>\n","protected":false},"excerpt":{"rendered":"<p>The airport enjoys an ideal geographic location to the south of Paris, with none of the drawbacks. The presence of customs officers and the size of the runway of 1600m x 30m makes direct international flights possible. Regular and substantial investments have been made for a long time to make the site sustainable, and today [&hellip;]<\/p>\n","protected":false},"author":2,"featured_media":0,"parent":0,"menu_order":0,"comment_status":"closed","ping_status":"closed","template":"","meta":[],"_links":{"self":[{"href":"https:\/\/orleans.aeroport.fr\/en\/wp-json\/wp\/v2\/pages\/3320"}],"collection":[{"href":"https:\/\/orleans.aeroport.fr\/en\/wp-json\/wp\/v2\/pages"}],"about":[{"href":"https:\/\/orleans.aeroport.fr\/en\/wp-json\/wp\/v2\/types\/page"}],"author":[{"embeddable":true,"href":"https:\/\/orleans.aeroport.fr\/en\/wp-json\/wp\/v2\/users\/2"}],"replies":[{"embeddable":true,"href":"https:\/\/orleans.aeroport.fr\/en\/wp-json\/wp\/v2\/comments?post=3320"}],"version-history":[{"count":9,"href":"https:\/\/orleans.aeroport.fr\/en\/wp-json\/wp\/v2\/pages\/3320\/revisions"}],"predecessor-version":[{"id":3565,"href":"https:\/\/orleans.aeroport.fr\/en\/wp-json\/wp\/v2\/pages\/3320\/revisions\/3565"}],"wp:attachment":[{"href":"https:\/\/orleans.aeroport.fr\/en\/wp-json\/wp\/v2\/media?parent=3320"}],"curies":[{"name":"wp","href":"https:\/\/api.w.org\/{rel}","templated":true}]}}